{"id":36,"date":"2023-04-11T08:16:38","date_gmt":"2023-04-11T08:16:38","guid":{"rendered":"https:\/\/usitat.com\/?page_id=36"},"modified":"2024-01-31T14:16:49","modified_gmt":"2024-01-31T14:16:49","slug":"cultural-identity","status":"publish","type":"page","link":"https:\/\/usitat.com\/?page_id=36","title":{"rendered":"Professionals &#8211; Keus tussen chapters"},"content":{"rendered":"<p>[et_pb_section fb_built=&#8221;1&#8243; admin_label=&#8221;section&#8221; _builder_version=&#8221;4.16&#8243; global_colors_info=&#8221;{}&#8221;][et_pb_row column_structure=&#8221;1_4,1_4,1_4,1_4&#8243; _builder_version=&#8221;4.20.0&#8243; _module_preset=&#8221;default&#8221; global_colors_info=&#8221;{}&#8221;][et_pb_column type=&#8221;1_4&#8243; _builder_version=&#8221;4.20.0&#8243; _module_preset=&#8221;default&#8221; global_colors_info=&#8221;{}&#8221;][et_pb_accordion _builder_version=&#8221;4.20.0&#8243; _module_preset=&#8221;default&#8221; global_colors_info=&#8221;{}&#8221;][et_pb_accordion_item title=&#8221;Cultural Identity&#8221; open=&#8221;on&#8221; _builder_version=&#8221;4.20.0&#8243; _module_preset=&#8221;default&#8221; global_colors_info=&#8221;{}&#8221;]<\/p>\n<p>Click <a href=\"https:\/\/usitat.com\/?page_id=107\">here<\/a> for more information about this chapter.<\/p>\n<p>[\/et_pb_accordion_item][\/et_pb_accordion][\/et_pb_column][et_pb_column type=&#8221;1_4&#8243; _builder_version=&#8221;4.20.0&#8243; _module_preset=&#8221;default&#8221; global_colors_info=&#8221;{}&#8221;][et_pb_accordion _builder_version=&#8221;4.20.0&#8243; _module_preset=&#8221;default&#8221; global_colors_info=&#8221;{}&#8221;][et_pb_accordion_item title=&#8221;Unesco World Heritage&#8221; open=&#8221;on&#8221; _builder_version=&#8221;4.20.0&#8243; _module_preset=&#8221;default&#8221; global_colors_info=&#8221;{}&#8221;]<\/p>\n<p>Click <a href=\"https:\/\/usitat.com\/?page_id=112\">here<\/a> for more information about this chapter.<\/p>\n<p>[\/et_pb_accordion_item][\/et_pb_accordion][\/et_pb_column][et_pb_column type=&#8221;1_4&#8243; _builder_version=&#8221;4.20.0&#8243; _module_preset=&#8221;default&#8221; global_colors_info=&#8221;{}&#8221;][et_pb_accordion _builder_version=&#8221;4.20.0&#8243; _module_preset=&#8221;default&#8221; global_colors_info=&#8221;{}&#8221;][et_pb_accordion_item title=&#8221;Gastronomy&#8221; open=&#8221;on&#8221; _builder_version=&#8221;4.20.0&#8243; _module_preset=&#8221;default&#8221; global_colors_info=&#8221;{}&#8221;]<\/p>\n<p>\u00a0Click <a href=\"https:\/\/usitat.com\/?page_id=108\">here<\/a> for more information about this chapter.<\/p>\n<p>[\/et_pb_accordion_item][\/et_pb_accordion][\/et_pb_column][et_pb_column type=&#8221;1_4&#8243; _builder_version=&#8221;4.20.0&#8243; _module_preset=&#8221;default&#8221; global_colors_info=&#8221;{}&#8221;][et_pb_accordion _builder_version=&#8221;4.20.0&#8243; _module_preset=&#8221;default&#8221; global_colors_info=&#8221;{}&#8221;][et_pb_accordion_item title=&#8221;Accessibility and Liberty&#8221; open=&#8221;on&#8221; _builder_version=&#8221;4.20.0&#8243; _module_preset=&#8221;default&#8221; global_colors_info=&#8221;{}&#8221;]<\/p>\n<p>Click <a href=\"https:\/\/usitat.com\/?page_id=113\">here<\/a> for more information about this chapter.<\/p>\n<p>[\/et_pb_accordion_item][\/et_pb_accordion][\/et_pb_column][\/et_pb_row][et_pb_row _builder_version=&#8221;4.20.0&#8243; _module_preset=&#8221;default&#8221; global_colors_info=&#8221;{}&#8221;][et_pb_column type=&#8221;4_4&#8243; _builder_version=&#8221;4.20.0&#8243; _module_preset=&#8221;default&#8221; global_colors_info=&#8221;{}&#8221;][et_pb_text _builder_version=&#8221;4.20.0&#8243; _module_preset=&#8221;default&#8221; text_line_height=&#8221;1.3em&#8221; global_colors_info=&#8221;{}&#8221;]<\/p>\n<p><strong>Welcome, Tervetuloa, Benvenuto, Welkom,<\/strong><\/p>\n<p><span style=\"font-weight: 400;\">The USiTaT team is glad to introduce the Digital guidebook \u201cSocial-cultural Sustainability in Travel and Tourism\u201d that is hosted on the pages of the USiTaT website dedicated to professionals.<br \/><\/span><span style=\"font-weight: 400;\">Target groups of this guidebook are companies and other organisations in the tourism industry.<br \/><\/span><\/p>\n<p><span style=\"font-weight: 400;\">The digital guidebook has been planned according to the inquiry carried out among companies at the beginning of the project. This material can be used as a guidance material in working life.<\/span><\/p>\n<p><span style=\"font-weight: 400;\">The focus of the digital guidebook is on sustainability from the point of view of social and cultural elements in tourism and their preservation, from one side, and valorisation, from the other side, as a unique and precious heritage of a territory.\u00a0<\/span><\/p>\n<p>\u00a0<span style=\"font-size: 14px;\">Specifically, the digital guidebook is organized in four sections:<\/span><\/p>\n<ul>\n<li style=\"font-weight: 400;\" aria-level=\"1\"><span style=\"font-weight: 400;\">Topic 1 \u2013 Cultural Identity<\/span><\/li>\n<li style=\"font-weight: 400;\" aria-level=\"1\"><span style=\"font-weight: 400;\">Topic 2 \u2013 UNESCO World Heritage<\/span><\/li>\n<li style=\"font-weight: 400;\" aria-level=\"1\"><span style=\"font-weight: 400;\">Topic 3 &#8211; Gastronomy<\/span><\/li>\n<li style=\"font-weight: 400;\" aria-level=\"1\"><span style=\"font-weight: 400;\">Topic 4 &#8211; Accessibility and Liberty,<\/span><\/li>\n<\/ul>\n<p><span style=\"font-size: 14px;\">For each of the topic, the guidebook includes:\u00a0<\/span><\/p>\n<ul>\n<li style=\"font-weight: 400;\" aria-level=\"1\"><span style=\"font-weight: 400;\">an introduction that explains the topic the section is about;<\/span><\/li>\n<li style=\"font-weight: 400;\" aria-level=\"1\"><span style=\"font-weight: 400;\">a summary of the main highlights about the topic per each project Country (Finland, Italy, Malta, Netherlands), except for the Topic 4, that has not national summaries because Accessibility and Liberty are global concepts;\u00a0<\/span><\/li>\n<li style=\"font-weight: 400;\" aria-level=\"1\"><span style=\"font-weight: 400;\">case studies\/best practices from each project Country (Finland, Italy, Malta, Netherlands).<\/span><span style=\"font-weight: 400;\"><\/span><\/li>\n<\/ul>\n<p><span style=\"font-weight: 400;\">All partners contributed to the content of each section by contributing in-depth information related to their own country.<\/span><\/p>\n<p><span style=\"font-weight: 400;\"><\/span><\/p>\n<p>&#8211; &#8211; &#8211; &#8211; &#8211;<span style=\"font-weight: 400;\"><\/span><\/p>\n<p><strong>Welcome, Tervetuloa, Benvenuti, Welkom<\/strong><\/p>\n<p>USiTaT-tiimi on iloinen voidessaan esitell\u00e4 digitaalisen oppaan &#8220;Kest\u00e4v\u00e4n kehityksen edist\u00e4minen matkailussa &#8220;, joka l\u00f6ytyy USiTaTin ammattilaisille suunnatun verkkosivuston sivuilta.<\/p>\n<p>T\u00e4m\u00e4n oppaan kohderyhm\u00e4n\u00e4 ovat matkailualan yritykset ja muut organisaatiot.<\/p>\n<p>Digitaalinen opas on suunniteltu hankkeen alussa yrityksille tehdyn kyselyn perusteella. Materiaalia voidaan k\u00e4ytt\u00e4\u00e4 ty\u00f6el\u00e4m\u00e4n opastusmateriaalina.<\/p>\n<p>Digitaalisen oppaan painopiste on kest\u00e4vyydess\u00e4 matkailun sosiaalisten ja kulttuuristen elementtien n\u00e4k\u00f6kulmasta, ja niiden s\u00e4ilytt\u00e4misess\u00e4 ja arvostamisessa ainutlaatuisena ja arvokkaana perint\u00f6n\u00e4.<\/p>\n<p>Digitaalinen opaskirja jakautuu nelj\u00e4\u00e4n osaan:<\/p>\n<p>Aihealue 1 &#8211; Kulttuuri-identiteetti<\/p>\n<p>Aihealue 2 &#8211; Unescon maailmanperint\u00f6<\/p>\n<p>Aihealue 3 &#8211; Gastronomia<\/p>\n<p>Aihe 4 &#8211; Saavutettavuus ja vapaus,<\/p>\n<p>Jokaisen aiheen osalta opaskirja sis\u00e4lt\u00e4\u00e4:<\/p>\n<ul>\n<li>johdanto, jossa selitet\u00e4\u00e4n aihe, mit\u00e4 osio k\u00e4sittelee<\/li>\n<li>yhteenveto aiheen t\u00e4rkeimmist\u00e4 kohokohdista kussakin hankemaassa (Suomi, Italia, Malta, Alankomaat) lukuun ottamatta aihetta 4, jossa ei ole kansallisia yhteenvetoja, koska esteett\u00f6myys ja vapaus ovat maailmanlaajuisia k\u00e4sitteit\u00e4<\/li>\n<li>tapausesimerkkej\u00e4\/parhaita k\u00e4yt\u00e4nt\u00f6j\u00e4 kustakin hankemaasta (Suomi, Italia, Malta, Alankomaat).<\/li>\n<\/ul>\n<p>\u00a0Kaikki yhteisty\u00f6kumppanit osallistuivat kunkin osion sis\u00e4lt\u00f6\u00f6n antamalla tietoa omasta maastaan.<\/p>\n<p>\u00a0&#8211; &#8211; &#8211; &#8211; &#8211;<\/p>\n<p><strong>Welcome, Tervetuloa, Benvenuti, Welkom,<\/strong><\/p>\n<p>Het USiTaT team is verheugd om de digitale gids &#8220;Sociaal-culturele duurzaamheid in reizen en toerisme&#8221; te introduceren. Deze gids is te vinden op de pagina&#8217;s van de USiTaT website voor professionals.<\/p>\n<p>Doelgroepen van deze gids zijn bedrijven en andere organisaties in de toeristische sector.<\/p>\n<p>De digitale gids is ontwikkeld op basis van het onderzoek dat aan het begin van het project onder bedrijven is uitgevoerd. De uitkomsten van dit onderzoek kunnen worden gebruikt als begeleidend materiaal in het beroepsleven.<\/p>\n<p>De focus van de digitale gids ligt op duurzaamheid vanuit het oogpunt van sociale en culturele elementen in toerisme \u00e9n hun behoud enerzijds en waardebepaling anderzijds als uniek en waardevol erfgoed van een gebied.<\/p>\n<p>Specifiek is de digitale gids georganiseerd in vier secties:<\/p>\n<p>Onderwerp 1 &#8211; Culturele identiteit<\/p>\n<p>Onderwerp 2 &#8211; UNESCO werelderfgoed<\/p>\n<p>Onderwerp 3 &#8211; Gastronomie<\/p>\n<p>Onderwerp 4 &#8211; Toegankelijkheid en vrijheid,<\/p>\n<p>Voor elk onderwerp bevat de gids:<\/p>\n<p>\u00b7 een inleiding met uitleg over het onderwerp waar de sectie over gaat<\/p>\n<p>\u00b7 een samenvatting van de belangrijkste hoogtepunten over het onderwerp, per projectland (Finland, Itali\u00eb, Malta, Nederland), behalve voor thema 4, dat geen nationale samenvattingen heeft omdat toegankelijkheid en vrijheid wereldwijde concepten zijn<\/p>\n<p>\u00b7 casestudies\/best practices van elk projectland (Finland, Itali\u00eb, Malta, Nederland)<\/p>\n<p>Alle partners hebben bijgedragen aan de inhoud van elke sectie door diepgaande informatie over hun land te verstrekken.<\/p>\n<p>&#8211; &#8211; &#8211; &#8211; &#8211;<\/p>\n<p><strong>Benvenuti, Tervetuloa, Welcome, Welkom<\/strong><\/p>\n<p>&nbsp;<\/p>\n<p>Il team di USiTaT \u00e8 lieto di presentarvi la guida digitale &#8220;Sostenibilit\u00e0 socio-culturale nei viaggi e nel turismo&#8221;, ospitata sulle pagine del sito web USiTaT dedicate ai professionisti.<\/p>\n<p>&nbsp;<\/p>\n<p>I destinatari di questa guida sono le aziende e le altre organizzazioni del settore turistico.<\/p>\n<p>&nbsp;<\/p>\n<p>La guida digitale \u00e8 stata progettata in base all&#8217;indagine condotta tra le aziende all&#8217;inizio del progetto. Questo materiale pu\u00f2 essere utilizzato come guida nella vita lavorativa.<\/p>\n<p>&nbsp;<\/p>\n<p>Il focus della guida digitale \u00e8 la sostenibilit\u00e0 dal punto di vista degli elementi sociali e culturali del turismo e la loro conservazione, da un lato, e valorizzazione, dall&#8217;altro, come patrimonio unico e prezioso di un territorio.<\/p>\n<p>&nbsp;<\/p>\n<p>Nello specifico, la guida digitale \u00e8 organizzata in quattro sezioni:<\/p>\n<p>&#8211; Tema 1 &#8211; Identit\u00e0 culturale<\/p>\n<p>\u00b7 Tema 2 &#8211; Patrimonio mondiale UNESCO<\/p>\n<p>\u00b7 Tema 3 &#8211; Gastronomia<\/p>\n<p>\u00b7 Tema 4 &#8211; Accessibilit\u00e0 e libert\u00e0<\/p>\n<p>&nbsp;<\/p>\n<p>Per ogni tema, la guida comprende:<\/p>\n<p>\u00b7 un&#8217;introduzione che spiega l&#8217;argomento della sezione;<\/p>\n<p>\u00b7 una sintesi degli elementi di interesse pi\u00f9 significativi sul tema per ogni Paese del progetto (Finlandia, Italia, Malta, Paesi Bassi), ad eccezione del tema 4, che non ha sintesi nazionali in quanto Accessibilit\u00e0 e Libert\u00e0 sono concetti globali;<\/p>\n<p>\u00b7 casi di studio\/best practice per ogni Paese del progetto (Finlandia, Italia, Malta, Paesi Bassi).<\/p>\n<p>&nbsp;<\/p>\n<p>La sintesi e i casi di studio dell&#8217;Italia forniscono una breve presentazione del contesto italiano e poi un approfondimento su due regioni (Liguria e Veneto) particolarmente coinvolte nel progetto.<\/p>\n<p>&nbsp;<\/p>\n<p>Tutti i partner hanno contribuito a elaborare i contenuti di ciascuna sezione, approfondendo le informazioni relative al proprio Paese.<\/p>\n<p>&nbsp;<\/p>\n<p>&nbsp;<\/p>\n<p><span style=\"font-weight: 400;\"><\/span><\/p>\n<p>[\/et_pb_text][\/et_pb_column][\/et_pb_row][\/et_pb_section]<\/p>\n","protected":false},"excerpt":{"rendered":"<p>Click here for more information about this chapter.Click here for more information about this chapter.\u00a0Click here for more information about this chapter.Click here for more information about this chapter.Welcome, Tervetuloa, Benvenuto, Welkom, The USiTaT team is glad to introduce the Digital guidebook \u201cSocial-cultural Sustainability in Travel and Tourism\u201d that is hosted on the pages of [&hellip;]<\/p>\n","protected":false},"author":2,"featured_media":0,"parent":0,"menu_order":0,"comment_status":"closed","ping_status":"closed","template":"","meta":{"_et_pb_use_builder":"on","_et_pb_old_content":"","_et_gb_content_width":"","footnotes":""},"class_list":["post-36","page","type-page","status-publish","hentry"],"_links":{"self":[{"href":"https:\/\/usitat.com\/index.php?rest_route=\/wp\/v2\/pages\/36","targetHints":{"allow":["GET"]}}],"collection":[{"href":"https:\/\/usitat.com\/index.php?rest_route=\/wp\/v2\/pages"}],"about":[{"href":"https:\/\/usitat.com\/index.php?rest_route=\/wp\/v2\/types\/page"}],"author":[{"embeddable":true,"href":"https:\/\/usitat.com\/index.php?rest_route=\/wp\/v2\/users\/2"}],"replies":[{"embeddable":true,"href":"https:\/\/usitat.com\/index.php?rest_route=%2Fwp%2Fv2%2Fcomments&post=36"}],"version-history":[{"count":25,"href":"https:\/\/usitat.com\/index.php?rest_route=\/wp\/v2\/pages\/36\/revisions"}],"predecessor-version":[{"id":577,"href":"https:\/\/usitat.com\/index.php?rest_route=\/wp\/v2\/pages\/36\/revisions\/577"}],"wp:attachment":[{"href":"https:\/\/usitat.com\/index.php?rest_route=%2Fwp%2Fv2%2Fmedia&parent=36"}],"curies":[{"name":"wp","href":"https:\/\/api.w.org\/{rel}","templated":true}]}}