{"id":2,"date":"2023-02-20T11:09:47","date_gmt":"2023-02-20T11:09:47","guid":{"rendered":"https:\/\/usitat.com\/?page_id=2"},"modified":"2024-02-23T08:58:38","modified_gmt":"2024-02-23T08:58:38","slug":"home","status":"publish","type":"page","link":"https:\/\/usitat.com\/","title":{"rendered":"Home"},"content":{"rendered":"<p>[et_pb_section fb_built=&#8221;1&#8243; admin_label=&#8221;section&#8221; _builder_version=&#8221;4.16&#8243; min_height=&#8221;211.3px&#8221; global_colors_info=&#8221;{}&#8221;][et_pb_row _builder_version=&#8221;4.20.0&#8243; _module_preset=&#8221;default&#8221;][et_pb_column _builder_version=&#8221;4.20.0&#8243; _module_preset=&#8221;default&#8221; type=&#8221;4_4&#8243;][et_pb_text _builder_version=&#8221;4.20.0&#8243; _module_preset=&#8221;default&#8221; hover_enabled=&#8221;0&#8243; sticky_enabled=&#8221;0&#8243;]<\/p>\n<p><strong><span class=\"S1PPyQ\">Up-skilling Sustainability in Travel and Tourism: The socio-cultural point of view (USiTaT)<\/span><\/strong><\/p>\n<p>[\/et_pb_text][\/et_pb_column][\/et_pb_row][et_pb_row column_structure=&#8221;1_2,1_2&#8243; _builder_version=&#8221;4.20.0&#8243; _module_preset=&#8221;default&#8221; global_colors_info=&#8221;{}&#8221;][et_pb_column type=&#8221;1_2&#8243; _builder_version=&#8221;4.20.0&#8243; _module_preset=&#8221;default&#8221; global_colors_info=&#8221;{}&#8221;][et_pb_accordion _builder_version=&#8221;4.20.0&#8243; _module_preset=&#8221;default&#8221; global_colors_info=&#8221;{}&#8221;][et_pb_accordion_item title=&#8221;Professional&#8221; open=&#8221;on&#8221; _builder_version=&#8221;4.20.0&#8243; _module_preset=&#8221;default&#8221; global_colors_info=&#8221;{}&#8221;]<\/p>\n<p>If you are a company or a professional, please click <a href=\"https:\/\/usitat.com\/?page_id=36\">here<\/a> for more information.<\/p>\n<p>[\/et_pb_accordion_item][\/et_pb_accordion][\/et_pb_column][et_pb_column type=&#8221;1_2&#8243; _builder_version=&#8221;4.20.0&#8243; _module_preset=&#8221;default&#8221; global_colors_info=&#8221;{}&#8221;][et_pb_accordion _builder_version=&#8221;4.20.0&#8243; _module_preset=&#8221;default&#8221; min_height=&#8221;163.8px&#8221; global_colors_info=&#8221;{}&#8221;][et_pb_accordion_item title=&#8221;Student&#8221; open=&#8221;on&#8221; _builder_version=&#8221;4.20.0&#8243; _module_preset=&#8221;default&#8221; global_colors_info=&#8221;{}&#8221;]<\/p>\n<p>If you are a student, teacher or professor, please click <a href=\"https:\/\/usitat.com\/?page_id=37\">here<\/a> for more information.<\/p>\n<p>[\/et_pb_accordion_item][\/et_pb_accordion][\/et_pb_column][\/et_pb_row][et_pb_row _builder_version=&#8221;4.20.0&#8243; _module_preset=&#8221;default&#8221; width=&#8221;51.2%&#8221; module_alignment=&#8221;center&#8221; custom_margin=&#8221;1px|734px||0px|false|false&#8221; custom_padding=&#8221;10px|0px|10px|0px|true|true&#8221; global_colors_info=&#8221;{}&#8221;][et_pb_column type=&#8221;4_4&#8243; _builder_version=&#8221;4.20.0&#8243; _module_preset=&#8221;default&#8221; global_colors_info=&#8221;{}&#8221;][et_pb_text _builder_version=&#8221;4.20.0&#8243; _module_preset=&#8221;default&#8221; width=&#8221;100%&#8221; module_alignment=&#8221;left&#8221; custom_margin=&#8221;-11px|-204px|-11px|0px|true|false&#8221; custom_padding=&#8221;0px|0px|2px|0px|false|false&#8221; global_colors_info=&#8221;{}&#8221;]<\/p>\n<p style=\"text-align: left;\"><strong>Welcome, Tervetuloa, Benvenuto, Welkom,<\/strong><\/p>\n<p style=\"text-align: left;\">At the website of USiTaT (Upskilling Sustainability in Traveling and Tourism).<br \/><span style=\"font-weight: 400;\">The USiTaT team is glad to introduce the Digital guidebook \u201cSocial-cultural Sustainability in Travel and Tourism\u201d that is hosted on the pages of the USiTaT website dedicated to professionals and students.<\/span><br \/>With 6 different schools from 4 countries, we worked together to research and write about the Traveling and Tourism industrie with a social point of view.<\/p>\n<p>Kind regards from,<br \/>Team USiTaT from Finland, Italy, Malta and The Netherlands<\/p>\n<p>&#8211; &#8211; &#8211; &#8211; &#8211;<strong>\u00a0<\/strong><\/p>\n<p><strong>Tervetuloa, Welcome, Benvenuti, Welkom<\/strong><\/p>\n<p>USiTaT-hankkeen verkkosivuille (Upskilling Sustainability in Traveling and Tourism)<\/p>\n<p>USiTaT-tiimi on iloinen voidessaan esitell\u00e4 \u201dKest\u00e4v\u00e4n kehityksen edist\u00e4minen matkailussa\u201d -digitaalisen oppaan, joka on sijoitettu ammattilaisille ja opiskelijoille suunnatulle USiTaT-sivustolle.<\/p>\n<p>Teimme yhteisty\u00f6t\u00e4 kuuden nelj\u00e4st\u00e4 eri maasta olevan koulun kanssa ja tutkimme matkailualaa sosiaalisesta n\u00e4k\u00f6kulmasta.<\/p>\n<p>Yst\u00e4v\u00e4llisin terveisin,<br \/>USiTaT-tiimi Suomesta, Italiasta, Maltalta ja Alankomaista<\/p>\n<p>&#8211; &#8211; &#8211; &#8211; &#8211;<\/p>\n<p><strong>Welcome, Tervetuloa, Benvenuti, Welkom,<\/strong><\/p>\n<p>Op de website van USiTaT (Upskilling Sustainability in Travel and Tourism).<\/p>\n<p>Het USiTaT-team is blij om de digitale gids &#8220;Sociaal-culturele duurzaamheid in reizen en toerisme&#8221; te kunnen introduceren. Deze gids is te vinden op de pagina&#8217;s van de USiTaT-website en is bedoeld voor professionals en studenten.<\/p>\n<p>Met 6 verschillende scholen uit 4 landen hebben we samengewerkt om onderzoek te doen naar en te schrijven over de reis- en toerisme industrie vanuit een sociaal oogpunt.<\/p>\n<p>&nbsp;<\/p>\n<p>Met vriendelijke groeten,<\/p>\n<p>Team USiTaT uit Finland, Itali\u00eb, Malta en Nederland<\/p>\n<p>&#8211; &#8211; &#8211; &#8211; &#8211;<\/p>\n<p><strong>\u00a0Welcome, Tervetuloa, Benvenuti, Welkom<\/strong><\/p>\n<p>Sul sito web di USiTaT (Upskilling Sustainability in Traveling and Tourism).<\/p>\n<p>Il team di USiTaT \u00e8 lieto di presentarvi la guida digitale &#8220;Sostenibilit\u00e0 socio-culturale nei viaggi e nel turismo, ospitata sulle pagine del sito web di USiTaT dedicate a professionisti e studenti.<\/p>\n<p>Con 6 scuole\/enti di formazione diversi provenienti da 4 Paesi, abbiamo lavorato insieme per ricercare e scrivere sull&#8217;industria dei viaggi e del turismo con un punto di vista sociale.<\/p>\n<p>&nbsp;<\/p>\n<p>Cordiali saluti<\/p>\n<p>dal Team USiTaT da Finlandia, Italia, Malta e Paesi Bassi Sviluppo sostenibile nel turismo<\/p>\n<p>&nbsp;<\/p>\n<p>&nbsp;<\/p>\n<p>&nbsp;<\/p>\n<p>&nbsp;<\/p>\n<p>[\/et_pb_text][\/et_pb_column][\/et_pb_row][\/et_pb_section]<\/p>\n","protected":false},"excerpt":{"rendered":"<p>Up-skilling Sustainability in Travel and Tourism: The socio-cultural point of view (USiTaT)If you are a company or a professional, please click here for more information.If you are a student, teacher or professor, please click here for more information.Welcome, Tervetuloa, Benvenuto, Welkom, At the website of USiTaT (Upskilling Sustainability in Traveling and Tourism).The USiTaT team is [&hellip;]<\/p>\n","protected":false},"author":1,"featured_media":0,"parent":0,"menu_order":0,"comment_status":"closed","ping_status":"closed","template":"","meta":{"_et_pb_use_builder":"on","_et_pb_old_content":"<!-- wp:paragraph -->\n<p>This is an example page. It's different from a blog post because it will stay in one place and will show up in your site navigation (in most themes). Most people start with an About page that introduces them to potential site visitors. It might say something like this:<\/p>\n<!-- \/wp:paragraph -->\n\n<!-- wp:quote -->\n<blockquote class=\"wp-block-quote\"><p>Hi there! I'm a bike messenger by day, aspiring actor by night, and this is my website. I live in Los Angeles, have a great dog named Jack, and I like pi&#241;a coladas. (And gettin' caught in the rain.)<\/p><\/blockquote>\n<!-- \/wp:quote -->\n\n<!-- wp:paragraph -->\n<p>...or something like this:<\/p>\n<!-- \/wp:paragraph -->\n\n<!-- wp:quote -->\n<blockquote class=\"wp-block-quote\"><p>The XYZ Doohickey Company was founded in 1971, and has been providing quality doohickeys to the public ever since. Located in Gotham City, XYZ employs over 2,000 people and does all kinds of awesome things for the Gotham community.<\/p><\/blockquote>\n<!-- \/wp:quote -->\n\n<!-- wp:paragraph -->\n<p>As a new WordPress user, you should go to <a href=\"https:\/\/usitat.com\/wp-admin\/\">your dashboard<\/a> to delete this page and create new pages for your content. Have fun!<\/p>\n<!-- \/wp:paragraph -->","_et_gb_content_width":"","footnotes":""},"class_list":["post-2","page","type-page","status-publish","hentry"],"_links":{"self":[{"href":"https:\/\/usitat.com\/index.php?rest_route=\/wp\/v2\/pages\/2","targetHints":{"allow":["GET"]}}],"collection":[{"href":"https:\/\/usitat.com\/index.php?rest_route=\/wp\/v2\/pages"}],"about":[{"href":"https:\/\/usitat.com\/index.php?rest_route=\/wp\/v2\/types\/page"}],"author":[{"embeddable":true,"href":"https:\/\/usitat.com\/index.php?rest_route=\/wp\/v2\/users\/1"}],"replies":[{"embeddable":true,"href":"https:\/\/usitat.com\/index.php?rest_route=%2Fwp%2Fv2%2Fcomments&post=2"}],"version-history":[{"count":30,"href":"https:\/\/usitat.com\/index.php?rest_route=\/wp\/v2\/pages\/2\/revisions"}],"predecessor-version":[{"id":629,"href":"https:\/\/usitat.com\/index.php?rest_route=\/wp\/v2\/pages\/2\/revisions\/629"}],"wp:attachment":[{"href":"https:\/\/usitat.com\/index.php?rest_route=%2Fwp%2Fv2%2Fmedia&parent=2"}],"curies":[{"name":"wp","href":"https:\/\/api.w.org\/{rel}","templated":true}]}}